
{"id":2,"date":"2025-04-01T12:29:28","date_gmt":"2025-04-01T10:29:28","guid":{"rendered":"https:\/\/www.azcoupon.it\/news\/?page_id=2"},"modified":"2026-02-01T12:54:38","modified_gmt":"2026-02-01T11:54:38","slug":"chi-siamo","status":"publish","type":"page","link":"https:\/\/www.azcoupon.it\/news\/chi-siamo\/","title":{"rendered":"Chi siamo"},"content":{"rendered":"\n<p>Dietro ogni pagina, c\u2019\u00e8 un team in fermento anche per te!<\/p>\n\n\n\n<p>AZ Coupon \u00e8 qualsosa di pi\u00f9 di un portale d codici sconto.<br>\u00c8 una community di risparmiatori intelligenti, gente concreta che vuole spendere bene, senza rinunciare alla qualit\u00e0.<br>Nel nostro blog trovi consigli, guide, novit\u00e0 e dritte su come ottenere il massimo da ogni acquisto online, senza spendere denaro inutilmente e senza perdere tempo prezioso.<\/p>\n\n\n\n<p>Il nostro progetto \u00e8 partito nel 2013 animato da un\u2019idea chiara: spendere meno sugli acquisti online dev&#8217;essere possibile per chiunque.<br>L&#8217;idea si \u00e8 concretizzata attraverso la collaborazione con le realt\u00e0 e-commerce pi\u00f9 affidabili del web italiano; dai grandi brand del made in Italy a quelli internazionali, passando per i negozi online di nicchia, le start up ed i web store che, anche grazie a noi, sono riusciti a farsi conoscere e ad incrementare il proprio successo.<\/p>\n\n\n\n<p>Oggi, dopo oltre 10 anni online, AZ Coupon \u00e8 una delle realt\u00e0 pi\u00f9 consolidate nel settore dei codici sconto in Italia e possiamo vantare migliaia di utenti soddisfatti ogni mese.<\/p>\n\n\n\n<p>Se pensi che trovare un codice sconto valido online sia questione di fortuna\u2026 ti sbagli. Ogni coupon e ogni offerta disponibile su AZ Coupon, \u00e8 frutto di un gruppo di lavoro che ogni giorno ha un solo obiettivo: farti risparmiare in modo semplice, sicuro e trasparente evitandoti perdite di tempo perch\u00e9 con codici scaduti o peggio inventati.<\/p>\n\n\n\n<p>Un portale pensato per chi ama lo shopping intelligente<br>AZ Coupon non \u00e8 una semplice lista di codici sconto: \u00e8 una piattaforma pensata per chi vuole fare shopping online in modo furbo, spendendo meno ma senza rinunciare alla qualit\u00e0.<br>Ogni promozione che pubblichiamo passa attraverso un attento processo di verifica, perch\u00e9 teniamo ai nostri utenti e ci siamo dati un obiettivo ben preciso: Zero codici finti, Solo sconti reali.<\/p>\n\n\n\n<p>L\u2019interfaccia del nostro portale \u00e8 pensata per essere navigabile da ogni disposutivo risultando di rapida consultazione ed intuitiva. Non serve iscriversi, non troverai mai messaggi pubblicitari invasivi e tantomeno ti chiediamo forme di pagamento. Cerchi un prodotto o un servizio? Trovi subito il negozio che lo offre al prezzo migliore. Cerchi uno sconto specifico? Basta un click e sar\u00e0 tuo!<\/p>\n\n\n\n<p>Il nostro modello? Guadagniamo solo se risparmi anche tu.<br>AZ Coupon \u00e8 gratuito per te, ma ci permette di sostenerci grazie al cosidetto &#8220;maketing d&#8217;affiliazione&#8221;.<br>Nulla di difficile, si tratta di una forma pubblicitaria tipica del web: semplicemente, se tu concludi un acquisto sul negozio partner dopo aver cliccato su un link presente tra le pagine del nostro portale di codici sconto, noi riceviamo una piccola commissione dal venditore.<br>A te non \u00e8 applicato alcun sovrapprezzo, anzi, tu avrai diritto allo sconto \u2014 \u00e8 proprio grazie a questo modello che possiamo continuare a offrirti un servizio sempre aggiornato e indipendente.<\/p>\n\n\n\n<p>Dietro le quinte: un team che ci mette impegno<br>Ogni codice pubblicato \u00e8 frutto di un lavoro puntuale e di collaborazione. Il nostro team controlla ogni giorno decine di offerte, filtra solo quelle utili e s&#8217;interfaccia con i migliori eCommerce in Italia per proporre agli utenti promozioni davvero esclusive. Ci piace scegliere i nostri partner, non lavoriamo con chiunque, ma soprattutto non ci limitiamo a copiare e incollare offerte pescate online.<\/p>\n\n\n\n<p>Risparmia dove conta, con chi ci mette passione<br>Sappiamo bene quanto pu\u00f2 fare la differenza risparmiare anche pochi euro su un ordine online. Per questo AZ Coupon non \u00e8 solo un sito: \u00e8 un\u2019idea di shopping pi\u00f9 consapevole, un punto d\u2019incontro tra consumatori attenti e negozi online trasparenti.<\/p>\n\n\n\n<p>Se \u00e8 la prima volta che ci visiti, ti diamo il benvenuto. Se invece ci conosci gi\u00e0, sai che da noi il codice sconto valido si trova sempre.<\/p>\n\n\n\n<p>Ed ora ti spieghiamo come funziona \u2026ma senza complicazioni.<\/p>\n\n\n\n<p>Vai su qualsiasi pagina di AZ Coupon, potresti iniziare dal cercare un negozio, un marchio, una categoria o il prodotto che vorresti acquistare online.<br>Ti forniremo la lista di codici sconto ed offerte esclusive disponibili in quel momento per la tua ricerca.<\/p>\n\n\n\n<p>Scegli il codice o l\u2019offerta che preferisci &#8211; il badge &#8220;verificato&#8221; contraddistigue i coupon testati.<\/p>\n\n\n\n<p>Clicca sul bottone corrispondente e Copia il codice.<br>Incolla il coupon nel carrello elettronico del negozio online.<\/p>\n\n\n\n<p>Goditi il risparmio. Fine.<\/p>\n\n\n\n<p>E se l\u2019offerta \u00e8 diretta, ovvero, non serve inserire un codice sconto? ti basta cliccare: penseremo noi a reindirizzarti al negozio online con lo sconto gi\u00e0 attivo.<\/p>\n\n\n\n<p>Perch\u00e9 fidarti di noi?<br>\ud83d\udca1 Esperienza: siamo online da oltre 10 anni e conosciamo questo mondo come le nostre tasche.<\/p>\n\n\n\n<p>\u2699\ufe0f Controllo qualit\u00e0: ogni sconto viene testato manualmente prima di essere pubblicato.<\/p>\n\n\n\n<p>\ud83e\udd1d Collaborazioni vere: lavoriamo a stretto contatto con brand e piattaforme affidabili, cos\u00ec possiamo offrirti offerte esclusive.<\/p>\n\n\n\n<p>\ud83d\udd0d Zero spam: il nostro sito \u00e8 gratuito e non ti propiniamo messaggi pubblicitari. Tu cerchi uno sconto, noi te lo diamo. Punto.<\/p>\n\n\n\n<p>Oltre i codici sconto: una community che risparmia insieme<\/p>\n\n\n\n<p><\/p>\n","protected":false},"excerpt":{"rendered":"<p>Dietro ogni pagina, c\u2019\u00e8 un team in fermento anche per te! AZ Coupon \u00e8 qualsosa di pi\u00f9 di un portale d codici sconto.\u00c8 una community di risparmiatori intelligenti, gente concreta che vuole spendere bene, senza rinunciare alla qualit\u00e0.Nel nostro blog trovi consigli, guide, novit\u00e0 e dritte su come ottenere il massimo da ogni acquisto online, [&hellip;]<\/p>\n","protected":false},"author":1,"featured_media":0,"parent":0,"menu_order":0,"comment_status":"closed","ping_status":"open","template":"","meta":{"footnotes":""},"class_list":["post-2","page","type-page","status-publish","hentry"],"yoast_head":"<!-- This site is optimized with the Yoast SEO plugin v27.3 - https:\/\/yoast.com\/product\/yoast-seo-wordpress\/ -->\n<title>Chi siamo | Blog di AZ Coupon: consigli e guide al risparmio online.<\/title>\n<meta name=\"description\" content=\"Il blog di AZ Coupon - oltre i Codici Sconto, una Community che Risparmia - Consigli, Novit\u00e0 e Guide per Spendere Meno sugli Acquisti Online.\" \/>\n<meta name=\"robots\" content=\"index, follow, max-snippet:-1, max-image-preview:large, max-video-preview:-1\" \/>\n<link rel=\"canonical\" href=\"https:\/\/www.azcoupon.it\/news\/chi-siamo\/\" \/>\n<meta property=\"og:locale\" content=\"it_IT\" \/>\n<meta property=\"og:type\" content=\"article\" \/>\n<meta property=\"og:title\" content=\"Chi siamo | Blog di AZ Coupon: consigli e guide al risparmio online.\" \/>\n<meta property=\"og:description\" content=\"Il blog di AZ Coupon - oltre i Codici Sconto, una Community che Risparmia - Consigli, Novit\u00e0 e Guide per Spendere Meno sugli Acquisti Online.\" \/>\n<meta property=\"og:url\" content=\"https:\/\/www.azcoupon.it\/news\/chi-siamo\/\" \/>\n<meta property=\"og:site_name\" content=\"AZCOUPON\" \/>\n<meta property=\"article:publisher\" content=\"https:\/\/www.facebook.com\/azcouponIT\" \/>\n<meta property=\"article:modified_time\" content=\"2026-02-01T11:54:38+00:00\" \/>\n<meta name=\"twitter:card\" content=\"summary_large_image\" \/>\n<meta name=\"twitter:site\" content=\"@azcouponit\" \/>\n<meta name=\"twitter:label1\" content=\"Tempo di lettura stimato\" \/>\n\t<meta name=\"twitter:data1\" content=\"5 minuti\" \/>\n<script type=\"application\/ld+json\" class=\"yoast-schema-graph\">{\"@context\":\"https:\\\/\\\/schema.org\",\"@graph\":[{\"@type\":[\"WebPage\",\"AboutPage\"],\"@id\":\"https:\\\/\\\/www.azcoupon.it\\\/news\\\/chi-siamo\\\/\",\"url\":\"https:\\\/\\\/www.azcoupon.it\\\/news\\\/chi-siamo\\\/\",\"name\":\"Chi siamo | Blog di AZ Coupon: consigli e guide al risparmio online.\",\"isPartOf\":{\"@id\":\"https:\\\/\\\/www.azcoupon.it\\\/news\\\/#website\"},\"datePublished\":\"2025-04-01T10:29:28+00:00\",\"dateModified\":\"2026-02-01T11:54:38+00:00\",\"description\":\"Il blog di AZ Coupon - oltre i Codici Sconto, una Community che Risparmia - Consigli, Novit\u00e0 e Guide per Spendere Meno sugli Acquisti Online.\",\"breadcrumb\":{\"@id\":\"https:\\\/\\\/www.azcoupon.it\\\/news\\\/chi-siamo\\\/#breadcrumb\"},\"inLanguage\":\"it-IT\",\"potentialAction\":[{\"@type\":\"ReadAction\",\"target\":[\"https:\\\/\\\/www.azcoupon.it\\\/news\\\/chi-siamo\\\/\"]}]},{\"@type\":\"BreadcrumbList\",\"@id\":\"https:\\\/\\\/www.azcoupon.it\\\/news\\\/chi-siamo\\\/#breadcrumb\",\"itemListElement\":[{\"@type\":\"ListItem\",\"position\":1,\"name\":\"Home\",\"item\":\"https:\\\/\\\/www.azcoupon.it\\\/news\\\/\"},{\"@type\":\"ListItem\",\"position\":2,\"name\":\"Chi siamo\"}]},{\"@type\":\"WebSite\",\"@id\":\"https:\\\/\\\/www.azcoupon.it\\\/news\\\/#website\",\"url\":\"https:\\\/\\\/www.azcoupon.it\\\/news\\\/\",\"name\":\"Le News di AZ Coupon\",\"description\":\"Risparmiare online: Codici sconto, Offerte e Consigli\",\"publisher\":{\"@id\":\"https:\\\/\\\/www.azcoupon.it\\\/news\\\/#organization\"},\"potentialAction\":[{\"@type\":\"SearchAction\",\"target\":{\"@type\":\"EntryPoint\",\"urlTemplate\":\"https:\\\/\\\/www.azcoupon.it\\\/news\\\/?s={search_term_string}\"},\"query-input\":{\"@type\":\"PropertyValueSpecification\",\"valueRequired\":true,\"valueName\":\"search_term_string\"}}],\"inLanguage\":\"it-IT\"},{\"@type\":\"Organization\",\"@id\":\"https:\\\/\\\/www.azcoupon.it\\\/news\\\/#organization\",\"name\":\"Le News di AZ Coupon\",\"url\":\"https:\\\/\\\/www.azcoupon.it\\\/news\\\/\",\"logo\":{\"@type\":\"ImageObject\",\"inLanguage\":\"it-IT\",\"@id\":\"https:\\\/\\\/www.azcoupon.it\\\/news\\\/#\\\/schema\\\/logo\\\/image\\\/\",\"url\":\"https:\\\/\\\/www.azcoupon.it\\\/news\\\/wp-content\\\/uploads\\\/2025\\\/04\\\/images.jpeg\",\"contentUrl\":\"https:\\\/\\\/www.azcoupon.it\\\/news\\\/wp-content\\\/uploads\\\/2025\\\/04\\\/images.jpeg\",\"width\":225,\"height\":225,\"caption\":\"Le News di AZ Coupon\"},\"image\":{\"@id\":\"https:\\\/\\\/www.azcoupon.it\\\/news\\\/#\\\/schema\\\/logo\\\/image\\\/\"},\"sameAs\":[\"https:\\\/\\\/www.facebook.com\\\/azcouponIT\",\"https:\\\/\\\/x.com\\\/azcouponit\",\"https:\\\/\\\/www.instagram.com\\\/azcouponit\\\/\",\"https:\\\/\\\/www.pinterest.it\\\/azcoupon\\\/\"]}]}<\/script>\n<!-- \/ Yoast SEO plugin. -->","yoast_head_json":{"title":"Chi siamo | Blog di AZ Coupon: consigli e guide al risparmio online.","description":"Il blog di AZ Coupon - oltre i Codici Sconto, una Community che Risparmia - Consigli, Novit\u00e0 e Guide per Spendere Meno sugli Acquisti Online.","robots":{"index":"index","follow":"follow","max-snippet":"max-snippet:-1","max-image-preview":"max-image-preview:large","max-video-preview":"max-video-preview:-1"},"canonical":"https:\/\/www.azcoupon.it\/news\/chi-siamo\/","og_locale":"it_IT","og_type":"article","og_title":"Chi siamo | Blog di AZ Coupon: consigli e guide al risparmio online.","og_description":"Il blog di AZ Coupon - oltre i Codici Sconto, una Community che Risparmia - Consigli, Novit\u00e0 e Guide per Spendere Meno sugli Acquisti Online.","og_url":"https:\/\/www.azcoupon.it\/news\/chi-siamo\/","og_site_name":"AZCOUPON","article_publisher":"https:\/\/www.facebook.com\/azcouponIT","article_modified_time":"2026-02-01T11:54:38+00:00","twitter_card":"summary_large_image","twitter_site":"@azcouponit","twitter_misc":{"Tempo di lettura stimato":"5 minuti"},"schema":{"@context":"https:\/\/schema.org","@graph":[{"@type":["WebPage","AboutPage"],"@id":"https:\/\/www.azcoupon.it\/news\/chi-siamo\/","url":"https:\/\/www.azcoupon.it\/news\/chi-siamo\/","name":"Chi siamo | Blog di AZ Coupon: consigli e guide al risparmio online.","isPartOf":{"@id":"https:\/\/www.azcoupon.it\/news\/#website"},"datePublished":"2025-04-01T10:29:28+00:00","dateModified":"2026-02-01T11:54:38+00:00","description":"Il blog di AZ Coupon - oltre i Codici Sconto, una Community che Risparmia - Consigli, Novit\u00e0 e Guide per Spendere Meno sugli Acquisti Online.","breadcrumb":{"@id":"https:\/\/www.azcoupon.it\/news\/chi-siamo\/#breadcrumb"},"inLanguage":"it-IT","potentialAction":[{"@type":"ReadAction","target":["https:\/\/www.azcoupon.it\/news\/chi-siamo\/"]}]},{"@type":"BreadcrumbList","@id":"https:\/\/www.azcoupon.it\/news\/chi-siamo\/#breadcrumb","itemListElement":[{"@type":"ListItem","position":1,"name":"Home","item":"https:\/\/www.azcoupon.it\/news\/"},{"@type":"ListItem","position":2,"name":"Chi siamo"}]},{"@type":"WebSite","@id":"https:\/\/www.azcoupon.it\/news\/#website","url":"https:\/\/www.azcoupon.it\/news\/","name":"Le News di AZ Coupon","description":"Risparmiare online: Codici sconto, Offerte e Consigli","publisher":{"@id":"https:\/\/www.azcoupon.it\/news\/#organization"},"potentialAction":[{"@type":"SearchAction","target":{"@type":"EntryPoint","urlTemplate":"https:\/\/www.azcoupon.it\/news\/?s={search_term_string}"},"query-input":{"@type":"PropertyValueSpecification","valueRequired":true,"valueName":"search_term_string"}}],"inLanguage":"it-IT"},{"@type":"Organization","@id":"https:\/\/www.azcoupon.it\/news\/#organization","name":"Le News di AZ Coupon","url":"https:\/\/www.azcoupon.it\/news\/","logo":{"@type":"ImageObject","inLanguage":"it-IT","@id":"https:\/\/www.azcoupon.it\/news\/#\/schema\/logo\/image\/","url":"https:\/\/www.azcoupon.it\/news\/wp-content\/uploads\/2025\/04\/images.jpeg","contentUrl":"https:\/\/www.azcoupon.it\/news\/wp-content\/uploads\/2025\/04\/images.jpeg","width":225,"height":225,"caption":"Le News di AZ Coupon"},"image":{"@id":"https:\/\/www.azcoupon.it\/news\/#\/schema\/logo\/image\/"},"sameAs":["https:\/\/www.facebook.com\/azcouponIT","https:\/\/x.com\/azcouponit","https:\/\/www.instagram.com\/azcouponit\/","https:\/\/www.pinterest.it\/azcoupon\/"]}]}},"_links":{"self":[{"href":"https:\/\/www.azcoupon.it\/news\/wp-json\/wp\/v2\/pages\/2","targetHints":{"allow":["GET"]}}],"collection":[{"href":"https:\/\/www.azcoupon.it\/news\/wp-json\/wp\/v2\/pages"}],"about":[{"href":"https:\/\/www.azcoupon.it\/news\/wp-json\/wp\/v2\/types\/page"}],"author":[{"embeddable":true,"href":"https:\/\/www.azcoupon.it\/news\/wp-json\/wp\/v2\/users\/1"}],"replies":[{"embeddable":true,"href":"https:\/\/www.azcoupon.it\/news\/wp-json\/wp\/v2\/comments?post=2"}],"version-history":[{"count":3,"href":"https:\/\/www.azcoupon.it\/news\/wp-json\/wp\/v2\/pages\/2\/revisions"}],"predecessor-version":[{"id":42,"href":"https:\/\/www.azcoupon.it\/news\/wp-json\/wp\/v2\/pages\/2\/revisions\/42"}],"wp:attachment":[{"href":"https:\/\/www.azcoupon.it\/news\/wp-json\/wp\/v2\/media?parent=2"}],"curies":[{"name":"wp","href":"https:\/\/api.w.org\/{rel}","templated":true}]}}